{"id":783,"date":"2023-12-22T22:44:04","date_gmt":"2023-12-22T21:44:04","guid":{"rendered":"https:\/\/einfachrollout.de\/?page_id=783"},"modified":"2024-01-07T11:10:44","modified_gmt":"2024-01-07T10:10:44","slug":"elementor-783","status":"publish","type":"page","link":"https:\/\/einfachrollout.de\/index.php\/elementor-783\/","title":{"rendered":"Elementor #783"},"content":{"rendered":"\t\t<div data-elementor-type=\"wp-page\" data-elementor-id=\"783\" class=\"elementor elementor-783\">\n\t\t\t\t<div class=\"elementor-element elementor-element-b7ead87 e-flex e-con-boxed e-con e-parent\" data-id=\"b7ead87\" data-element_type=\"container\">\n\t\t\t\t\t<div class=\"e-con-inner\">\n\t\t\t\t<div class=\"elementor-element elementor-element-4e80738 elementor-widget elementor-widget-spacer\" data-id=\"4e80738\" data-element_type=\"widget\" data-widget_type=\"spacer.default\">\n\t\t\t\t<div class=\"elementor-widget-container\">\n\t\t\t\t\t\t\t<div class=\"elementor-spacer\">\n\t\t\t<div class=\"elementor-spacer-inner\"><\/div>\n\t\t<\/div>\n\t\t\t\t\t\t<\/div>\n\t\t\t\t<\/div>\n\t\t\t\t<div class=\"elementor-element elementor-element-a9f6755 elementor-widget elementor-widget-heading\" data-id=\"a9f6755\" data-element_type=\"widget\" data-widget_type=\"heading.default\">\n\t\t\t\t<div class=\"elementor-widget-container\">\n\t\t\t\t\t<h2 class=\"elementor-heading-title elementor-size-default\">IT Rollouts f\u00fcr Unternehmen<\/h2>\t\t\t\t<\/div>\n\t\t\t\t<\/div>\n\t\t\t\t\t<\/div>\n\t\t\t\t<\/div>\n\t\t<div class=\"elementor-element elementor-element-f64f596 e-flex e-con-boxed e-con e-parent\" data-id=\"f64f596\" data-element_type=\"container\">\n\t\t\t\t\t<div class=\"e-con-inner\">\n\t\t<div class=\"elementor-element elementor-element-714f708 e-con-full e-flex e-con e-child\" data-id=\"714f708\" data-element_type=\"container\">\n\t\t\t\t<div class=\"elementor-element elementor-element-ad44e35 elementor-widget elementor-widget-text-editor\" data-id=\"ad44e35\" data-element_type=\"widget\" data-widget_type=\"text-editor.default\">\n\t\t\t\t<div class=\"elementor-widget-container\">\n\t\t\t\t\t\t\t\t\t<p>Wir sind ihr zuverl\u00e4ssiger Rollout &#8211; Partner !<br \/>Sie suchen professionelle Techniker zur Durchf\u00fchrung ihrer IT &#8211; Rollout Projekte ?<br \/>Mit RS Right Solution haben Sie einen starken Partner an ihrer Seite, um jeden Auftrag zu<br \/>meistern. Unsere Techniker verf\u00fcgen alle \u00fcber langj\u00e4hrige Erfahrungen im Hard &#8211; und<br \/>Software Rollout. Wir arbeiten team &#8211; und kundenorientiert mit ihnen nach ihren W\u00fcnschen<br \/>an Auftr\u00e4gen jeglicher Gr\u00f6\u00dfe. Sogar bei M\u00f6glichkeit europaweit.<br \/>Sprechen Sie uns gerne an !<br \/>Was uns auszeichnet als Kooperationspartner:<br \/>&#8211; Wir haben die n\u00f6tige Erfahrung<br \/>&#8211; Flexibilit\u00e4t<br \/>&#8211; Zuverl\u00e4ssigkeit<br \/>&#8211; Gutes Preis &#8211; Leistungsverh\u00e4ltnis<br \/>&#8211; Schnell erreichbar auch an Wochenenden<br \/>&#8211; transparente Kommunikation<br \/>&#8211; Beachtung von Spezialw\u00fcnschen<br \/>&#8211; Hand in Hand Arbeitsweise<\/p>\t\t\t\t\t\t\t\t<\/div>\n\t\t\t\t<\/div>\n\t\t\t\t<\/div>\n\t\t<div class=\"elementor-element elementor-element-a974465 e-con-full e-flex e-con e-child\" data-id=\"a974465\" data-element_type=\"container\">\n\t\t\t\t<div class=\"elementor-element elementor-element-fd05762 elementor-widget elementor-widget-text-editor\" data-id=\"fd05762\" data-element_type=\"widget\" data-widget_type=\"text-editor.default\">\n\t\t\t\t<div class=\"elementor-widget-container\">\n\t\t\t\t\t\t\t\t\t<p>Sie ben\u00f6tigen einen effektiven IT Rollout ? Look no more, RS Right Solution ist ihr<br \/>pers\u00f6nlicher Profi !<br \/>Unsere Techniker verf\u00fcgen \u00fcber eine gro\u00dfe Bandbreite an Erfahrungen bei Rollout<br \/>Projekten in kleinen bis sogar gro\u00dfen, renommierten Unternehmen.<br \/>Bringen auch Sie ihr Unternehmen digital nach Vorne mit unserem umfassenden Soft \u2013 und<br \/>Hardware Rollout.<br \/>Mit Sitz im Herzen von D\u00fcsseldorf sind wir fokussiert deutschlandweit im Einsatz. Nach<br \/>Absprache und M\u00f6glichkeit ist ein Rollout prinzipiell auch europaweit m\u00f6glich.<br \/>Urspr\u00fcnglich ein Begriff, der insbesondere mit dem Herausrollen eines neuen Flugzeuges<br \/>aus dem Hangar verbunden ist, steht er in der IT Branche heute f\u00fcr den Austausch von Hard<br \/>\u2013 und Software von Computersystemen.<br \/>Effektive Rollouts brauchen gute<br \/>professionelle Planung \u2013 deshalb arbeiten wir Hand in Hand mit effizienten Methoden, aber<br \/>auch mit mit ihnen, um eine ma\u00dfgeschneiderte L\u00f6sung anzubieten.<br \/>Wir k\u00fcmmern uns um einzelne steps oder auf Wunsch um alles &#8211; von der Planung und<br \/>Realisierung \u00fcber die<br \/>Kontrolle bis hin zur Logistik, wie z.B. der Entsorgung alter Teile und der Abfallbeseitigung.<br \/>Und das zu fairen Preisen. Da stoppt unsere Arbeit nicht. Bei Problemen und Fragen sind<br \/>wir f\u00fcr Sie jederzeit da &#8211; schnell und umfassend, auch an Wochenenden.<br \/>Jedes Rollout ist f\u00fcr uns verbunden mit der Mission, Unternehmen das beste Ergebnis zu<br \/>liefern &#8211; so, als w\u00e4re es unser eigenes.<br \/>Digitalisierung muss in Deutschland weiter voran kommen. Wir sind stolz darauf, ein Teil<br \/>dieser Aufgabe zu sein. F\u00fcr eine starke Wirtschaft made in Germany.<br \/>Wir halten uns an<br \/>realistische und faire Preise, die je nach Umfang des projects im Vorfeld kalkuliert und<br \/>unverbindlich mit ihnen besprochen werden.<br \/>Bringen Sie ihr Unternehmen digital auf die effiziente Spur,<br \/>all inclusive mit RS Right Solutions.<br \/>Kontaktieren Sie uns gerne f\u00fcr eine unverbindliche, kostenlose Beratung telefonisch oder<br \/>per E-Mail.<br \/>Sie k\u00f6nnen auch unseren R\u00fcckrufservice nutzen: Schreiben Sie uns eine Email an<br \/>info@rsways.com mit ihrem gew\u00fcnschten R\u00fcckrufdatum und w\u00e4hlen Sie zwischen<br \/>Vormittag, Nachmittag und Abend aus.<br \/>Wir sind auch am Wochenende erreichbar.<\/p>\t\t\t\t\t\t\t\t<\/div>\n\t\t\t\t<\/div>\n\t\t\t\t<\/div>\n\t\t\t\t\t<\/div>\n\t\t\t\t<\/div>\n\t\t\t\t<\/div>\n\t\t","protected":false},"excerpt":{"rendered":"<p>IT Rollouts f\u00fcr Unternehmen Wir sind ihr zuverl\u00e4ssiger Rollout &#8211; Partner !Sie suchen professionelle Techniker zur Durchf\u00fchrung ihrer IT &#8211; Rollout Projekte ?Mit RS Right Solution haben Sie einen starken Partner an ihrer Seite, um jeden Auftrag zumeistern. Unsere Techniker verf\u00fcgen alle \u00fcber langj\u00e4hrige Erfahrungen im Hard &#8211; undSoftware Rollout. Wir arbeiten team &#8211; und [&hellip;]<\/p>\n","protected":false},"author":1,"featured_media":0,"parent":0,"menu_order":0,"comment_status":"closed","ping_status":"closed","template":"","meta":{"site-sidebar-layout":"no-sidebar","site-content-layout":"page-builder","ast-site-content-layout":"full-width-container","site-content-style":"default","site-sidebar-style":"default","ast-global-header-display":"","ast-banner-title-visibility":"","ast-main-header-display":"","ast-hfb-above-header-display":"","ast-hfb-below-header-display":"","ast-hfb-mobile-header-display":"","site-post-title":"disabled","ast-breadcrumbs-content":"","ast-featured-img":"disabled","footer-sml-layout":"","theme-transparent-header-meta":"","adv-header-id-meta":"","stick-header-meta":"","header-above-stick-meta":"","header-main-stick-meta":"","header-below-stick-meta":"","astra-migrate-meta-layouts":"set","ast-page-background-enabled":"default","ast-page-background-meta":{"desktop":{"background-color":"","background-image":"","background-repeat":"repeat","background-position":"center center","background-size":"auto","background-attachment":"scroll","background-type":"","background-media":"","overlay-type":"","overlay-color":"","overlay-opacity":"","overlay-gradient":""},"tablet":{"background-color":"","background-image":"","background-repeat":"repeat","background-position":"center center","background-size":"auto","background-attachment":"scroll","background-type":"","background-media":"","overlay-type":"","overlay-color":"","overlay-opacity":"","overlay-gradient":""},"mobile":{"background-color":"","background-image":"","background-repeat":"repeat","background-position":"center center","background-size":"auto","background-attachment":"scroll","background-type":"","background-media":"","overlay-type":"","overlay-color":"","overlay-opacity":"","overlay-gradient":""}},"ast-content-background-meta":{"desktop":{"background-color":"var(--ast-global-color-5)","background-image":"","background-repeat":"repeat","background-position":"center center","background-size":"auto","background-attachment":"scroll","background-type":"","background-media":"","overlay-type":"","overlay-color":"","overlay-opacity":"","overlay-gradient":""},"tablet":{"background-color":"var(--ast-global-color-5)","background-image":"","background-repeat":"repeat","background-position":"center center","background-size":"auto","background-attachment":"scroll","background-type":"","background-media":"","overlay-type":"","overlay-color":"","overlay-opacity":"","overlay-gradient":""},"mobile":{"background-color":"var(--ast-global-color-5)","background-image":"","background-repeat":"repeat","background-position":"center center","background-size":"auto","background-attachment":"scroll","background-type":"","background-media":"","overlay-type":"","overlay-color":"","overlay-opacity":"","overlay-gradient":""}},"footnotes":""},"class_list":["post-783","page","type-page","status-publish","hentry"],"_links":{"self":[{"href":"https:\/\/einfachrollout.de\/index.php\/wp-json\/wp\/v2\/pages\/783","targetHints":{"allow":["GET"]}}],"collection":[{"href":"https:\/\/einfachrollout.de\/index.php\/wp-json\/wp\/v2\/pages"}],"about":[{"href":"https:\/\/einfachrollout.de\/index.php\/wp-json\/wp\/v2\/types\/page"}],"author":[{"embeddable":true,"href":"https:\/\/einfachrollout.de\/index.php\/wp-json\/wp\/v2\/users\/1"}],"replies":[{"embeddable":true,"href":"https:\/\/einfachrollout.de\/index.php\/wp-json\/wp\/v2\/comments?post=783"}],"version-history":[{"count":8,"href":"https:\/\/einfachrollout.de\/index.php\/wp-json\/wp\/v2\/pages\/783\/revisions"}],"predecessor-version":[{"id":800,"href":"https:\/\/einfachrollout.de\/index.php\/wp-json\/wp\/v2\/pages\/783\/revisions\/800"}],"wp:attachment":[{"href":"https:\/\/einfachrollout.de\/index.php\/wp-json\/wp\/v2\/media?parent=783"}],"curies":[{"name":"wp","href":"https:\/\/api.w.org\/{rel}","templated":true}]}}